{"id":103,"date":"2025-02-21T07:30:02","date_gmt":"2025-02-21T07:30:02","guid":{"rendered":"https:\/\/brave-stonebraker.67-23-238-111.plesk.page\/site\/?page_id=103"},"modified":"2025-02-21T07:36:56","modified_gmt":"2025-02-21T07:36:56","slug":"ultimas-noticias","status":"publish","type":"page","link":"https:\/\/sleepy-boyd.186-209-113-132.plesk.page\/?page_id=103","title":{"rendered":"\u00daltimas Not\u00edcias"},"content":{"rendered":"\t\t<div data-elementor-type=\"wp-page\" data-elementor-id=\"103\" class=\"elementor elementor-103\" data-elementor-post-type=\"page\">\n\t\t\t\t<div class=\"elementor-element elementor-element-4f4a088 e-flex e-con-boxed e-con e-parent\" data-id=\"4f4a088\" data-element_type=\"container\" data-settings=\"{&quot;jet_parallax_layout_list&quot;:[]}\">\n\t\t\t\t\t<div class=\"e-con-inner\">\n\t\t\t\t<div class=\"elementor-element elementor-element-4f5f783 elementor-widget elementor-widget-heading\" data-id=\"4f5f783\" data-element_type=\"widget\" data-widget_type=\"heading.default\">\n\t\t\t\t<div class=\"elementor-widget-container\">\n\t\t\t\t\t<h2 class=\"elementor-heading-title elementor-size-default\">\u00daltimas Not\u00edcias<\/h2>\t\t\t\t<\/div>\n\t\t\t\t<\/div>\n\t\t\t\t<div class=\"elementor-element elementor-element-39d08bc elementor-grid-3 elementor-grid-tablet-2 elementor-grid-mobile-1 elementor-posts--thumbnail-top elementor-card-shadow-yes elementor-posts__hover-gradient elementor-widget elementor-widget-posts\" data-id=\"39d08bc\" data-element_type=\"widget\" data-settings=\"{&quot;pagination_type&quot;:&quot;numbers&quot;,&quot;cards_columns&quot;:&quot;3&quot;,&quot;cards_columns_tablet&quot;:&quot;2&quot;,&quot;cards_columns_mobile&quot;:&quot;1&quot;,&quot;cards_row_gap&quot;:{&quot;unit&quot;:&quot;px&quot;,&quot;size&quot;:35,&quot;sizes&quot;:[]},&quot;cards_row_gap_tablet&quot;:{&quot;unit&quot;:&quot;px&quot;,&quot;size&quot;:&quot;&quot;,&quot;sizes&quot;:[]},&quot;cards_row_gap_mobile&quot;:{&quot;unit&quot;:&quot;px&quot;,&quot;size&quot;:&quot;&quot;,&quot;sizes&quot;:[]}}\" data-widget_type=\"posts.cards\">\n\t\t\t\t<div class=\"elementor-widget-container\">\n\t\t\t\t\t\t\t<div class=\"elementor-posts-container elementor-posts elementor-posts--skin-cards elementor-grid\">\n\t\t\t\t<article class=\"elementor-post elementor-grid-item post-263 post type-post status-publish format-standard has-post-thumbnail hentry category-uncategorized\">\n\t\t\t<div class=\"elementor-post__card\">\n\t\t\t\t<a class=\"elementor-post__thumbnail__link\" href=\"https:\/\/sleepy-boyd.186-209-113-132.plesk.page\/?p=263\" tabindex=\"-1\" ><div class=\"elementor-post__thumbnail\"><img fetchpriority=\"high\" decoding=\"async\" width=\"745\" height=\"419\" src=\"https:\/\/sleepy-boyd.186-209-113-132.plesk.page\/wp-content\/uploads\/2025\/02\/noticia15372.jpg\" class=\"attachment-large size-large wp-image-43\" alt=\"\" srcset=\"https:\/\/sleepy-boyd.186-209-113-132.plesk.page\/wp-content\/uploads\/2025\/02\/noticia15372.jpg 745w, https:\/\/sleepy-boyd.186-209-113-132.plesk.page\/wp-content\/uploads\/2025\/02\/noticia15372-300x169.jpg 300w\" sizes=\"(max-width: 745px) 100vw, 745px\" \/><\/div><\/a>\n\t\t\t\t<div class=\"elementor-post__text\">\n\t\t\t\t<h3 class=\"elementor-post__title\">\n\t\t\t<a href=\"https:\/\/sleepy-boyd.186-209-113-132.plesk.page\/?p=263\" >\n\t\t\t\tEXCLUIR &#8211; Mar\u00edlia T\u00eanis Clube: Tradi\u00e7\u00e3o, Esporte e Conviv\u00eancia\t\t\t<\/a>\n\t\t<\/h3>\n\t\t\t\t<div class=\"elementor-post__excerpt\">\n\t\t\t<p>H\u00e1 d\u00e9cadas, o Mar\u00edlia T\u00eanis Clube (MTC) \u00e9 sin\u00f4nimo de tradi\u00e7\u00e3o, esporte e integra\u00e7\u00e3o social em Mar\u00edlia e regi\u00e3o. Fundado com o prop\u00f3sito de promover<\/p>\n\t\t<\/div>\n\t\t\n\t\t<a class=\"elementor-post__read-more\" href=\"https:\/\/sleepy-boyd.186-209-113-132.plesk.page\/?p=263\" aria-label=\"Read more about EXCLUIR &#8211; Mar\u00edlia T\u00eanis Clube: Tradi\u00e7\u00e3o, Esporte e Conviv\u00eancia\" tabindex=\"-1\" >\n\t\t\tSaiba Mais\t\t<\/a>\n\n\t\t\t\t<\/div>\n\t\t\t\t\t<\/div>\n\t\t<\/article>\n\t\t\t\t<article class=\"elementor-post elementor-grid-item post-272 post type-post status-publish format-standard has-post-thumbnail hentry category-uncategorized\">\n\t\t\t<div class=\"elementor-post__card\">\n\t\t\t\t<a class=\"elementor-post__thumbnail__link\" href=\"https:\/\/sleepy-boyd.186-209-113-132.plesk.page\/?p=272\" tabindex=\"-1\" ><div class=\"elementor-post__thumbnail\"><img decoding=\"async\" width=\"800\" height=\"521\" src=\"https:\/\/sleepy-boyd.186-209-113-132.plesk.page\/wp-content\/uploads\/2025\/03\/img20250221_18275350-1024x667.png\" class=\"attachment-large size-large wp-image-149\" alt=\"\" srcset=\"https:\/\/sleepy-boyd.186-209-113-132.plesk.page\/wp-content\/uploads\/2025\/03\/img20250221_18275350-1024x667.png 1024w, https:\/\/sleepy-boyd.186-209-113-132.plesk.page\/wp-content\/uploads\/2025\/03\/img20250221_18275350-300x196.png 300w, https:\/\/sleepy-boyd.186-209-113-132.plesk.page\/wp-content\/uploads\/2025\/03\/img20250221_18275350-768x501.png 768w, https:\/\/sleepy-boyd.186-209-113-132.plesk.page\/wp-content\/uploads\/2025\/03\/img20250221_18275350-1536x1001.png 1536w, https:\/\/sleepy-boyd.186-209-113-132.plesk.page\/wp-content\/uploads\/2025\/03\/img20250221_18275350.png 1789w\" sizes=\"(max-width: 800px) 100vw, 800px\" \/><\/div><\/a>\n\t\t\t\t<div class=\"elementor-post__text\">\n\t\t\t\t<h3 class=\"elementor-post__title\">\n\t\t\t<a href=\"https:\/\/sleepy-boyd.186-209-113-132.plesk.page\/?p=272\" >\n\t\t\t\tEXCLUIR &#8211; Mar\u00edlia T\u00eanis Clube: Onde a Vida Acontece\t\t\t<\/a>\n\t\t<\/h3>\n\t\t\t\t<div class=\"elementor-post__excerpt\">\n\t\t\t<p>No cora\u00e7\u00e3o de Mar\u00edlia, existe um lugar onde o tempo desacelera, as amizades florescem e as fam\u00edlias escrevem hist\u00f3rias que atravessam gera\u00e7\u00f5es. Esse lugar \u00e9<\/p>\n\t\t<\/div>\n\t\t\n\t\t<a class=\"elementor-post__read-more\" href=\"https:\/\/sleepy-boyd.186-209-113-132.plesk.page\/?p=272\" aria-label=\"Read more about EXCLUIR &#8211; Mar\u00edlia T\u00eanis Clube: Onde a Vida Acontece\" tabindex=\"-1\" >\n\t\t\tSaiba Mais\t\t<\/a>\n\n\t\t\t\t<\/div>\n\t\t\t\t\t<\/div>\n\t\t<\/article>\n\t\t\t\t<article class=\"elementor-post elementor-grid-item post-243 post type-post status-publish format-standard has-post-thumbnail hentry category-uncategorized\">\n\t\t\t<div class=\"elementor-post__card\">\n\t\t\t\t<a class=\"elementor-post__thumbnail__link\" href=\"https:\/\/sleepy-boyd.186-209-113-132.plesk.page\/?p=243\" tabindex=\"-1\" ><div class=\"elementor-post__thumbnail\"><img decoding=\"async\" width=\"800\" height=\"533\" src=\"https:\/\/sleepy-boyd.186-209-113-132.plesk.page\/wp-content\/uploads\/2025\/02\/tenis-cena7_13_229394_v1.jpeg\" class=\"attachment-large size-large wp-image-37\" alt=\"\" srcset=\"https:\/\/sleepy-boyd.186-209-113-132.plesk.page\/wp-content\/uploads\/2025\/02\/tenis-cena7_13_229394_v1.jpeg 960w, https:\/\/sleepy-boyd.186-209-113-132.plesk.page\/wp-content\/uploads\/2025\/02\/tenis-cena7_13_229394_v1-300x200.jpeg 300w, https:\/\/sleepy-boyd.186-209-113-132.plesk.page\/wp-content\/uploads\/2025\/02\/tenis-cena7_13_229394_v1-768x512.jpeg 768w\" sizes=\"(max-width: 800px) 100vw, 800px\" \/><\/div><\/a>\n\t\t\t\t<div class=\"elementor-post__text\">\n\t\t\t\t<h3 class=\"elementor-post__title\">\n\t\t\t<a href=\"https:\/\/sleepy-boyd.186-209-113-132.plesk.page\/?p=243\" >\n\t\t\t\tEXCLUIR &#8211; Mar\u00edlia T\u00eanis Clube: Tradi\u00e7\u00e3o, Esporte e Novidades para Toda a Fam\u00edlia!\t\t\t<\/a>\n\t\t<\/h3>\n\t\t\t\t<div class=\"elementor-post__excerpt\">\n\t\t\t<p>O Mar\u00edlia T\u00eanis Clube (MTC) segue sendo refer\u00eancia em esporte, lazer e conviv\u00eancia social na cidade de Mar\u00edlia. Com uma hist\u00f3ria s\u00f3lida e marcada pela<\/p>\n\t\t<\/div>\n\t\t\n\t\t<a class=\"elementor-post__read-more\" href=\"https:\/\/sleepy-boyd.186-209-113-132.plesk.page\/?p=243\" aria-label=\"Read more about EXCLUIR &#8211; Mar\u00edlia T\u00eanis Clube: Tradi\u00e7\u00e3o, Esporte e Novidades para Toda a Fam\u00edlia!\" tabindex=\"-1\" >\n\t\t\tSaiba Mais\t\t<\/a>\n\n\t\t\t\t<\/div>\n\t\t\t\t\t<\/div>\n\t\t<\/article>\n\t\t\t\t<article class=\"elementor-post elementor-grid-item post-30 post type-post status-publish format-standard has-post-thumbnail hentry category-uncategorized\">\n\t\t\t<div class=\"elementor-post__card\">\n\t\t\t\t<a class=\"elementor-post__thumbnail__link\" href=\"https:\/\/sleepy-boyd.186-209-113-132.plesk.page\/?p=30\" tabindex=\"-1\" ><div class=\"elementor-post__thumbnail\"><img loading=\"lazy\" decoding=\"async\" width=\"600\" height=\"400\" src=\"https:\/\/sleepy-boyd.186-209-113-132.plesk.page\/wp-content\/uploads\/2025\/02\/jogadoras-tenis.webp\" class=\"attachment-large size-large wp-image-34\" alt=\"\" srcset=\"https:\/\/sleepy-boyd.186-209-113-132.plesk.page\/wp-content\/uploads\/2025\/02\/jogadoras-tenis.webp 600w, https:\/\/sleepy-boyd.186-209-113-132.plesk.page\/wp-content\/uploads\/2025\/02\/jogadoras-tenis-300x200.webp 300w\" sizes=\"(max-width: 600px) 100vw, 600px\" \/><\/div><\/a>\n\t\t\t\t<div class=\"elementor-post__text\">\n\t\t\t\t<h3 class=\"elementor-post__title\">\n\t\t\t<a href=\"https:\/\/sleepy-boyd.186-209-113-132.plesk.page\/?p=30\" >\n\t\t\t\tEXCLUIR &#8211; MAR\u00cdLIA T\u00caNIS CLUBE DISP\u00d5E DE QUADRAS DE SAIBRO PARA S\u00d3CIOS E CONVIDADOS\t\t\t<\/a>\n\t\t<\/h3>\n\t\t\t\t<div class=\"elementor-post__excerpt\">\n\t\t\t<p>O Mar\u00edlia T\u00eanis Clube inaugurou uma nova quadra de saibro equipada com ilumina\u00e7\u00e3o de LED e sistema de drenagem avan\u00e7ado, garantindo melhor infraestrutura para os\t\t<\/div>\n\t\t\n\t\t<a class=\"elementor-post__read-more\" href=\"https:\/\/sleepy-boyd.186-209-113-132.plesk.page\/?p=30\" aria-label=\"Read more about EXCLUIR &#8211; MAR\u00cdLIA T\u00caNIS CLUBE DISP\u00d5E DE QUADRAS DE SAIBRO PARA S\u00d3CIOS E CONVIDADOS\" tabindex=\"-1\" >\n\t\t\tSaiba Mais\t\t<\/a>\n\n\t\t\t\t<\/div>\n\t\t\t\t\t<\/div>\n\t\t<\/article>\n\t\t\t\t<\/div>\n\t\t\n\t\t\t\t\t\t<\/div>\n\t\t\t\t<\/div>\n\t\t\t\t\t<\/div>\n\t\t\t\t<\/div>\n\t\t\t\t<\/div>\n\t\t","protected":false},"excerpt":{"rendered":"<p>\u00daltimas Not\u00edcias<\/p>\n","protected":false},"author":1,"featured_media":0,"parent":0,"menu_order":0,"comment_status":"closed","ping_status":"closed","template":"elementor_header_footer","meta":{"footnotes":""},"class_list":["post-103","page","type-page","status-publish","hentry"],"_links":{"self":[{"href":"https:\/\/sleepy-boyd.186-209-113-132.plesk.page\/index.php?rest_route=\/wp\/v2\/pages\/103","targetHints":{"allow":["GET"]}}],"collection":[{"href":"https:\/\/sleepy-boyd.186-209-113-132.plesk.page\/index.php?rest_route=\/wp\/v2\/pages"}],"about":[{"href":"https:\/\/sleepy-boyd.186-209-113-132.plesk.page\/index.php?rest_route=\/wp\/v2\/types\/page"}],"author":[{"embeddable":true,"href":"https:\/\/sleepy-boyd.186-209-113-132.plesk.page\/index.php?rest_route=\/wp\/v2\/users\/1"}],"replies":[{"embeddable":true,"href":"https:\/\/sleepy-boyd.186-209-113-132.plesk.page\/index.php?rest_route=%2Fwp%2Fv2%2Fcomments&post=103"}],"version-history":[{"count":7,"href":"https:\/\/sleepy-boyd.186-209-113-132.plesk.page\/index.php?rest_route=\/wp\/v2\/pages\/103\/revisions"}],"predecessor-version":[{"id":110,"href":"https:\/\/sleepy-boyd.186-209-113-132.plesk.page\/index.php?rest_route=\/wp\/v2\/pages\/103\/revisions\/110"}],"wp:attachment":[{"href":"https:\/\/sleepy-boyd.186-209-113-132.plesk.page\/index.php?rest_route=%2Fwp%2Fv2%2Fmedia&parent=103"}],"curies":[{"name":"wp","href":"https:\/\/api.w.org\/{rel}","templated":true}]}}