{"id":76,"date":"2025-02-21T06:19:30","date_gmt":"2025-02-21T06:19:30","guid":{"rendered":"https:\/\/brave-stonebraker.67-23-238-111.plesk.page\/site\/?page_id=76"},"modified":"2026-01-09T18:46:05","modified_gmt":"2026-01-09T21:46:05","slug":"nossa-historia","status":"publish","type":"page","link":"https:\/\/sleepy-boyd.186-209-113-132.plesk.page\/?page_id=76","title":{"rendered":"Nossa Hist\u00f3ria"},"content":{"rendered":"\t\t<div data-elementor-type=\"wp-page\" data-elementor-id=\"76\" class=\"elementor elementor-76\" data-elementor-post-type=\"page\">\n\t\t\t\t<div class=\"elementor-element elementor-element-0bf973b e-flex e-con-boxed e-con e-parent\" data-id=\"0bf973b\" data-element_type=\"container\" data-settings=\"{&quot;background_background&quot;:&quot;classic&quot;,&quot;jet_parallax_layout_list&quot;:[]}\">\n\t\t\t\t\t<div class=\"e-con-inner\">\n\t\t\t\t<div class=\"elementor-element elementor-element-9562b86 elementor-widget elementor-widget-heading\" data-id=\"9562b86\" data-element_type=\"widget\" data-widget_type=\"heading.default\">\n\t\t\t\t<div class=\"elementor-widget-container\">\n\t\t\t\t\t<h2 class=\"elementor-heading-title elementor-size-default\">Nossa Hist\u00f3ria<\/h2>\t\t\t\t<\/div>\n\t\t\t\t<\/div>\n\t\t<div class=\"elementor-element elementor-element-ce35974 e-con-full e-flex e-con e-child\" data-id=\"ce35974\" data-element_type=\"container\" data-settings=\"{&quot;jet_parallax_layout_list&quot;:[]}\">\n\t\t<div class=\"elementor-element elementor-element-d394fa4 e-con-full e-flex e-con e-child\" data-id=\"d394fa4\" data-element_type=\"container\" data-settings=\"{&quot;jet_parallax_layout_list&quot;:[]}\">\n\t\t<div class=\"elementor-element elementor-element-bd583ae e-con-full e-flex e-con e-child\" data-id=\"bd583ae\" data-element_type=\"container\" data-settings=\"{&quot;jet_parallax_layout_list&quot;:[]}\">\n\t\t\t\t<div class=\"elementor-element elementor-element-4d15af0 elementor-widget elementor-widget-text-editor\" data-id=\"4d15af0\" data-element_type=\"widget\" data-widget_type=\"text-editor.default\">\n\t\t\t\t<div class=\"elementor-widget-container\">\n\t\t\t\t\t\t\t\t\t<p data-start=\"37\" data-end=\"381\">Fundado em 4 de fevereiro de 1930, o Mar\u00edlia T\u00eanis Clube (MTC) \u00e9 uma das institui\u00e7\u00f5es mais tradicionais da cidade de Mar\u00edlia, S\u00e3o Paulo. Localizado na Avenida Rio Branco, n\u00ba 949, o clube surgiu em uma \u00e9poca de crescimento e desenvolvimento urbano, tornando-se rapidamente um ponto de encontro para os amantes do esporte e da conviv\u00eancia social.<\/p><p data-start=\"383\" data-end=\"816\">Nas d\u00e9cadas de 1930 e 1940, o MTC destacou-se como um centro cultural e esportivo, promovendo eventos sociais, bailes e competi\u00e7\u00f5es que atra\u00edam a elite local e visitantes de outras regi\u00f5es. O clube tornou-se conhecido por suas &#8220;domingueiras&#8221; e pelos grandiosos bailes, como o &#8220;Baile do Algod\u00e3o&#8221; e o &#8220;Baile da Primavera&#8221;, realizados nos anos 1950. Esses eventos consolidaram o MTC como um espa\u00e7o de destaque na vida social mariliense.<\/p><p data-start=\"818\" data-end=\"1384\">Ao longo dos anos, o Mar\u00edlia T\u00eanis Clube ampliou suas instala\u00e7\u00f5es para atender \u00e0s necessidades de seus associados. Atualmente, o clube oferece uma infraestrutura, incluindo sal\u00e3o de festas, sauna, gin\u00e1sio de esportes, academia, seis quadras de t\u00eanis e campo de futebol.<\/p>\t\t\t\t\t\t\t\t<\/div>\n\t\t\t\t<\/div>\n\t\t\t\t<\/div>\n\t\t\t\t<div class=\"elementor-element elementor-element-b5820f5 elementor-hidden-desktop elementor-widget elementor-widget-image\" data-id=\"b5820f5\" data-element_type=\"widget\" data-widget_type=\"image.default\">\n\t\t\t\t<div class=\"elementor-widget-container\">\n\t\t\t\t\t\t\t\t\t\t\t\t\t\t\t<img fetchpriority=\"high\" decoding=\"async\" width=\"800\" height=\"978\" src=\"https:\/\/sleepy-boyd.186-209-113-132.plesk.page\/wp-content\/uploads\/2025\/02\/Imagem-do-WhatsApp-de-2025-01-06-as-11.01-1-838x1024.jpg\" class=\"attachment-large size-large wp-image-89\" alt=\"\" srcset=\"https:\/\/sleepy-boyd.186-209-113-132.plesk.page\/wp-content\/uploads\/2025\/02\/Imagem-do-WhatsApp-de-2025-01-06-as-11.01-1-838x1024.jpg 838w, https:\/\/sleepy-boyd.186-209-113-132.plesk.page\/wp-content\/uploads\/2025\/02\/Imagem-do-WhatsApp-de-2025-01-06-as-11.01-1-246x300.jpg 246w, https:\/\/sleepy-boyd.186-209-113-132.plesk.page\/wp-content\/uploads\/2025\/02\/Imagem-do-WhatsApp-de-2025-01-06-as-11.01-1-768x938.jpg 768w, https:\/\/sleepy-boyd.186-209-113-132.plesk.page\/wp-content\/uploads\/2025\/02\/Imagem-do-WhatsApp-de-2025-01-06-as-11.01-1-1257x1536.jpg 1257w, https:\/\/sleepy-boyd.186-209-113-132.plesk.page\/wp-content\/uploads\/2025\/02\/Imagem-do-WhatsApp-de-2025-01-06-as-11.01-1-1676x2048.jpg 1676w\" sizes=\"(max-width: 800px) 100vw, 800px\" \/>\t\t\t\t\t\t\t\t\t\t\t\t\t\t\t<\/div>\n\t\t\t\t<\/div>\n\t\t\t\t<\/div>\n\t\t\t\t<\/div>\n\t\t\t\t\t<\/div>\n\t\t\t\t<\/div>\n\t\t\t\t<\/div>\n\t\t","protected":false},"excerpt":{"rendered":"<p>Nossa Hist\u00f3ria Fundado em 4 de fevereiro de 1930, o Mar\u00edlia T\u00eanis Clube (MTC) \u00e9 uma das institui\u00e7\u00f5es mais tradicionais da cidade de Mar\u00edlia, S\u00e3o Paulo. Localizado na Avenida Rio Branco, n\u00ba 949, o clube surgiu em uma \u00e9poca de crescimento e desenvolvimento urbano, tornando-se rapidamente um ponto de encontro para os amantes do esporte [&hellip;]<\/p>\n","protected":false},"author":1,"featured_media":0,"parent":0,"menu_order":0,"comment_status":"closed","ping_status":"closed","template":"elementor_header_footer","meta":{"footnotes":""},"class_list":["post-76","page","type-page","status-publish","hentry"],"_links":{"self":[{"href":"https:\/\/sleepy-boyd.186-209-113-132.plesk.page\/index.php?rest_route=\/wp\/v2\/pages\/76","targetHints":{"allow":["GET"]}}],"collection":[{"href":"https:\/\/sleepy-boyd.186-209-113-132.plesk.page\/index.php?rest_route=\/wp\/v2\/pages"}],"about":[{"href":"https:\/\/sleepy-boyd.186-209-113-132.plesk.page\/index.php?rest_route=\/wp\/v2\/types\/page"}],"author":[{"embeddable":true,"href":"https:\/\/sleepy-boyd.186-209-113-132.plesk.page\/index.php?rest_route=\/wp\/v2\/users\/1"}],"replies":[{"embeddable":true,"href":"https:\/\/sleepy-boyd.186-209-113-132.plesk.page\/index.php?rest_route=%2Fwp%2Fv2%2Fcomments&post=76"}],"version-history":[{"count":22,"href":"https:\/\/sleepy-boyd.186-209-113-132.plesk.page\/index.php?rest_route=\/wp\/v2\/pages\/76\/revisions"}],"predecessor-version":[{"id":229,"href":"https:\/\/sleepy-boyd.186-209-113-132.plesk.page\/index.php?rest_route=\/wp\/v2\/pages\/76\/revisions\/229"}],"wp:attachment":[{"href":"https:\/\/sleepy-boyd.186-209-113-132.plesk.page\/index.php?rest_route=%2Fwp%2Fv2%2Fmedia&parent=76"}],"curies":[{"name":"wp","href":"https:\/\/api.w.org\/{rel}","templated":true}]}}